{"id":577,"date":"2016-06-15T10:24:38","date_gmt":"2016-06-15T08:24:38","guid":{"rendered":"https:\/\/brings-online.com\/demo\/wp-theme-domologi\/?page_id=577"},"modified":"2023-07-03T14:58:09","modified_gmt":"2023-07-03T12:58:09","slug":"unser-team","status":"publish","type":"page","link":"https:\/\/www.hvg-immobilien.com\/index.php\/ueber-uns\/unser-team\/","title":{"rendered":"Unser Team"},"content":{"rendered":"<p>Die HVG-Gesellschaft zur Verwaltung von Haus- und Grundbesitz mbH ist seit 1994 als Verwaltungsgesellschaft f\u00fcr Immobilien aller Art am Standort &#8222;Gera&#8220; t\u00e4tig und hat eine erfolgreiche Entwicklung als Partner von Haus- und Wohnungseigent\u00fcmer sowie von Investoren auf dem Immobiliensektor genommen.<\/p>\n","protected":false},"excerpt":{"rendered":"<p>Die HVG-Gesellschaft zur Verwaltung von Haus- und Grundbesitz mbH ist seit 1994 als Verwaltungsgesellschaft f\u00fcr Immobilien aller Art am Standort &#8222;Gera&#8220; t\u00e4tig und hat eine erfolgreiche Entwicklung als Partner von Haus- und Wohnungseigent\u00fcmer sowie von Investoren auf dem Immobiliensektor genommen.<\/p>\n","protected":false},"author":1,"featured_media":0,"parent":17,"menu_order":0,"comment_status":"closed","ping_status":"closed","template":"page_agents.php","meta":{"footnotes":""},"class_list":["post-577","page","type-page","status-publish","hentry"],"_links":{"self":[{"href":"https:\/\/www.hvg-immobilien.com\/index.php\/wp-json\/wp\/v2\/pages\/577","targetHints":{"allow":["GET"]}}],"collection":[{"href":"https:\/\/www.hvg-immobilien.com\/index.php\/wp-json\/wp\/v2\/pages"}],"about":[{"href":"https:\/\/www.hvg-immobilien.com\/index.php\/wp-json\/wp\/v2\/types\/page"}],"author":[{"embeddable":true,"href":"https:\/\/www.hvg-immobilien.com\/index.php\/wp-json\/wp\/v2\/users\/1"}],"replies":[{"embeddable":true,"href":"https:\/\/www.hvg-immobilien.com\/index.php\/wp-json\/wp\/v2\/comments?post=577"}],"version-history":[{"count":1,"href":"https:\/\/www.hvg-immobilien.com\/index.php\/wp-json\/wp\/v2\/pages\/577\/revisions"}],"predecessor-version":[{"id":968,"href":"https:\/\/www.hvg-immobilien.com\/index.php\/wp-json\/wp\/v2\/pages\/577\/revisions\/968"}],"up":[{"embeddable":true,"href":"https:\/\/www.hvg-immobilien.com\/index.php\/wp-json\/wp\/v2\/pages\/17"}],"wp:attachment":[{"href":"https:\/\/www.hvg-immobilien.com\/index.php\/wp-json\/wp\/v2\/media?parent=577"}],"curies":[{"name":"wp","href":"https:\/\/api.w.org\/{rel}","templated":true}]}}