{"id":25,"date":"2016-06-12T15:01:51","date_gmt":"2016-06-12T13:01:51","guid":{"rendered":"https:\/\/brings-online.com\/demo\/wp-theme-domologi\/?page_id=25"},"modified":"2023-07-04T16:47:54","modified_gmt":"2023-07-04T14:47:54","slug":"impressum","status":"publish","type":"page","link":"https:\/\/www.hvg-immobilien.com\/index.php\/impressum\/","title":{"rendered":"Impressum"},"content":{"rendered":"<p style=\"font-weight: 400;\"><b><strong>HVG Gesellschaft zur Verwaltung von Haus- und Grundbesitz mbH<br \/>\n<\/strong><\/b><br \/>\nHerr Henry Trumpa und Herr Andr\u00e9 Trumpa<br \/>\nGerhart-Hauptmann-Stra\u00dfe 37<br \/>\nD-07546 Gera<\/p>\n<table style=\"font-weight: 400;\">\n<tbody>\n<tr>\n<td>Fon:<br \/>\nFax:<br \/>\nE-mail:<\/td>\n<td>+49 365 &#8211; 2 47 92<br \/>\n+49 365 &#8211; 2 90 03 64<br \/>\n<a href=\"mailto:info@hvg-immobilien.com\">info@hvg-immobilien.com<\/a><\/td>\n<\/tr>\n<\/tbody>\n<\/table>\n<p style=\"font-weight: 400;\">Vertretungsberechtigter: Herr Henry Trumpa, Herr Andr\u00e9 Trumpa<br \/>\nBerufsaufsichtbeh\u00f6rde: Stadt Gera &#8211; Ordnungsamt<br \/>\nHandelsregister: Amtsgericht Jena<br \/>\nHandelsregisternummer: HR B 20 4121<br \/>\nUmsatzsteueridentifikationsnummer: DE163318304<\/p>\n<p style=\"font-weight: 400;\"><b><strong>Datenschutzerkl\u00e4rung:<\/strong><\/b><\/p>\n<p style=\"font-weight: 400;\">Durch den Besuch der Website des Anbieters k\u00f6nnen Informationen \u00fcber den Zugriff (Datum, Uhrzeit, betrachtete Seite) gespeichert werden. Diese Daten geh\u00f6ren nicht zu den personenbezogenen Daten, sondern sind anonymisiert. Sie werden ausschlie\u00dflich zu statistischen Zwecken ausgewertet. Eine Weitergabe an Dritte, zu kommerziellen oder nichtkommerziellen Zwecken, findet nicht statt.<\/p>\n<p>Der Anbieter weist ausdr\u00fccklich darauf hin, dass die Daten\u00fcbertragung im Internet (z.B. bei der Kommunikation per E-Mail) Sicherheitsl\u00fccken aufweisen und nicht l\u00fcckenlos vor dem Zugriff durch Dritte gesch\u00fctzt werden kann.<\/p>\n<p>Die Verwendung der Kontaktdaten des Impressums zur gewerblichen Werbung ist ausdr\u00fccklich nicht erw\u00fcnscht, es sei denn der Anbieter hatte zuvor seine schriftliche Einwilligung erteilt oder es besteht bereits eine Gesch\u00e4ftsbeziehung. Der Anbieter und alle auf dieser Website genannten Personen widersprechen hiermit jeder kommerziellen Verwendung und Weitergabe ihrer Daten.<\/p>\n","protected":false},"excerpt":{"rendered":"<p>HVG Gesellschaft zur Verwaltung von Haus- und Grundbesitz mbH Herr Henry Trumpa und Herr Andr\u00e9 Trumpa Gerhart-Hauptmann-Stra\u00dfe 37 D-07546 Gera Fon: Fax: E-mail: +49 365 &#8211; 2 47 92 +49 365 &#8211; 2 90 03 64 info@hvg-immobilien.com Vertretungsberechtigter: Herr Henry Trumpa, Herr Andr\u00e9 Trumpa Berufsaufsichtbeh\u00f6rde: Stadt Gera &#8211; Ordnungsamt Handelsregister: Amtsgericht Jena Handelsregisternummer: HR B<\/p>\n","protected":false},"author":1,"featured_media":0,"parent":0,"menu_order":0,"comment_status":"closed","ping_status":"closed","template":"","meta":{"footnotes":""},"class_list":["post-25","page","type-page","status-publish","hentry"],"_links":{"self":[{"href":"https:\/\/www.hvg-immobilien.com\/index.php\/wp-json\/wp\/v2\/pages\/25","targetHints":{"allow":["GET"]}}],"collection":[{"href":"https:\/\/www.hvg-immobilien.com\/index.php\/wp-json\/wp\/v2\/pages"}],"about":[{"href":"https:\/\/www.hvg-immobilien.com\/index.php\/wp-json\/wp\/v2\/types\/page"}],"author":[{"embeddable":true,"href":"https:\/\/www.hvg-immobilien.com\/index.php\/wp-json\/wp\/v2\/users\/1"}],"replies":[{"embeddable":true,"href":"https:\/\/www.hvg-immobilien.com\/index.php\/wp-json\/wp\/v2\/comments?post=25"}],"version-history":[{"count":3,"href":"https:\/\/www.hvg-immobilien.com\/index.php\/wp-json\/wp\/v2\/pages\/25\/revisions"}],"predecessor-version":[{"id":1023,"href":"https:\/\/www.hvg-immobilien.com\/index.php\/wp-json\/wp\/v2\/pages\/25\/revisions\/1023"}],"wp:attachment":[{"href":"https:\/\/www.hvg-immobilien.com\/index.php\/wp-json\/wp\/v2\/media?parent=25"}],"curies":[{"name":"wp","href":"https:\/\/api.w.org\/{rel}","templated":true}]}}